{"id":339,"date":"2024-05-27T12:31:28","date_gmt":"2024-05-27T12:31:28","guid":{"rendered":"https:\/\/generation9.co\/zespol\/"},"modified":"2025-05-06T11:21:55","modified_gmt":"2025-05-06T11:21:55","slug":"team","status":"publish","type":"page","link":"https:\/\/generation9.co\/en\/team\/","title":{"rendered":"Team"},"content":{"rendered":"","protected":false},"excerpt":{"rendered":"","protected":false},"author":1,"featured_media":0,"parent":0,"menu_order":0,"comment_status":"closed","ping_status":"closed","template":"page-team.php","meta":[],"class_list":["post-339","page","type-page","status-publish","hentry"],"yoast_head":"<!-- This site is optimized with the Yoast SEO plugin v27.4 - https:\/\/yoast.com\/product\/yoast-seo-wordpress\/ -->\n<title>Team - Generation9<\/title>\n<meta name=\"robots\" content=\"index, follow, max-snippet:-1, max-image-preview:large, max-video-preview:-1\" \/>\n<link rel=\"canonical\" href=\"https:\/\/generation9.co\/en\/team\/\" \/>\n<meta property=\"og:locale\" content=\"en_US\" \/>\n<meta property=\"og:type\" content=\"article\" \/>\n<meta property=\"og:title\" content=\"Team - Generation9\" \/>\n<meta property=\"og:url\" content=\"https:\/\/generation9.co\/en\/team\/\" \/>\n<meta property=\"og:site_name\" content=\"Generation9\" \/>\n<meta property=\"article:modified_time\" content=\"2025-05-06T11:21:55+00:00\" \/>\n<meta name=\"twitter:card\" content=\"summary_large_image\" \/>\n<script type=\"application\/ld+json\" class=\"yoast-schema-graph\">{\"@context\":\"https:\\\/\\\/schema.org\",\"@graph\":[{\"@type\":\"WebPage\",\"@id\":\"https:\\\/\\\/generation9.co\\\/en\\\/team\\\/\",\"url\":\"https:\\\/\\\/generation9.co\\\/en\\\/team\\\/\",\"name\":\"Team - Generation9\",\"isPartOf\":{\"@id\":\"https:\\\/\\\/generation9.co\\\/en\\\/#website\"},\"datePublished\":\"2024-05-27T12:31:28+00:00\",\"dateModified\":\"2025-05-06T11:21:55+00:00\",\"breadcrumb\":{\"@id\":\"https:\\\/\\\/generation9.co\\\/en\\\/team\\\/#breadcrumb\"},\"inLanguage\":\"en-US\",\"potentialAction\":[{\"@type\":\"ReadAction\",\"target\":[\"https:\\\/\\\/generation9.co\\\/en\\\/team\\\/\"]}]},{\"@type\":\"BreadcrumbList\",\"@id\":\"https:\\\/\\\/generation9.co\\\/en\\\/team\\\/#breadcrumb\",\"itemListElement\":[{\"@type\":\"ListItem\",\"position\":1,\"name\":\"Home\",\"item\":\"https:\\\/\\\/generation9.co\\\/en\\\/\"},{\"@type\":\"ListItem\",\"position\":2,\"name\":\"Team\"}]},{\"@type\":\"WebSite\",\"@id\":\"https:\\\/\\\/generation9.co\\\/en\\\/#website\",\"url\":\"https:\\\/\\\/generation9.co\\\/en\\\/\",\"name\":\"Heneration9\",\"description\":\"Generation9 - tech &amp; data driven influencer marketing. Specjalizujemy si\u0119 w influencer marketingu, dzia\u0142aniach advocacy oraz wsp&oacute;\u0142pracy z content creatorami. Posiadamy w\u0142asny management Tw&oacute;rc&oacute;w, a ca\u0142o\u015b\u0107 naszych dzia\u0142a\u0144 oparta na stworzonych inhouse zautomatyzowanych procesach obs\u0142ugi wsp&oacute;\u0142prac oraz danych zebranych na podstawie kilku tysi\u0119cy publikacji z naszymi Klientami i Tw&oacute;rcami!\",\"potentialAction\":[{\"@type\":\"SearchAction\",\"target\":{\"@type\":\"EntryPoint\",\"urlTemplate\":\"https:\\\/\\\/generation9.co\\\/en\\\/?s={search_term_string}\"},\"query-input\":{\"@type\":\"PropertyValueSpecification\",\"valueRequired\":true,\"valueName\":\"search_term_string\"}}],\"inLanguage\":\"en-US\"}]}<\/script>\n<!-- \/ Yoast SEO plugin. -->","yoast_head_json":{"title":"Team - Generation9","robots":{"index":"index","follow":"follow","max-snippet":"max-snippet:-1","max-image-preview":"max-image-preview:large","max-video-preview":"max-video-preview:-1"},"canonical":"https:\/\/generation9.co\/en\/team\/","og_locale":"en_US","og_type":"article","og_title":"Team - Generation9","og_url":"https:\/\/generation9.co\/en\/team\/","og_site_name":"Generation9","article_modified_time":"2025-05-06T11:21:55+00:00","twitter_card":"summary_large_image","schema":{"@context":"https:\/\/schema.org","@graph":[{"@type":"WebPage","@id":"https:\/\/generation9.co\/en\/team\/","url":"https:\/\/generation9.co\/en\/team\/","name":"Team - Generation9","isPartOf":{"@id":"https:\/\/generation9.co\/en\/#website"},"datePublished":"2024-05-27T12:31:28+00:00","dateModified":"2025-05-06T11:21:55+00:00","breadcrumb":{"@id":"https:\/\/generation9.co\/en\/team\/#breadcrumb"},"inLanguage":"en-US","potentialAction":[{"@type":"ReadAction","target":["https:\/\/generation9.co\/en\/team\/"]}]},{"@type":"BreadcrumbList","@id":"https:\/\/generation9.co\/en\/team\/#breadcrumb","itemListElement":[{"@type":"ListItem","position":1,"name":"Home","item":"https:\/\/generation9.co\/en\/"},{"@type":"ListItem","position":2,"name":"Team"}]},{"@type":"WebSite","@id":"https:\/\/generation9.co\/en\/#website","url":"https:\/\/generation9.co\/en\/","name":"Heneration9","description":"Generation9 - tech &amp; data driven influencer marketing. Specjalizujemy si\u0119 w influencer marketingu, dzia\u0142aniach advocacy oraz wsp&oacute;\u0142pracy z content creatorami. Posiadamy w\u0142asny management Tw&oacute;rc&oacute;w, a ca\u0142o\u015b\u0107 naszych dzia\u0142a\u0144 oparta na stworzonych inhouse zautomatyzowanych procesach obs\u0142ugi wsp&oacute;\u0142prac oraz danych zebranych na podstawie kilku tysi\u0119cy publikacji z naszymi Klientami i Tw&oacute;rcami!","potentialAction":[{"@type":"SearchAction","target":{"@type":"EntryPoint","urlTemplate":"https:\/\/generation9.co\/en\/?s={search_term_string}"},"query-input":{"@type":"PropertyValueSpecification","valueRequired":true,"valueName":"search_term_string"}}],"inLanguage":"en-US"}]}},"_links":{"self":[{"href":"https:\/\/generation9.co\/en\/wp-json\/wp\/v2\/pages\/339","targetHints":{"allow":["GET"]}}],"collection":[{"href":"https:\/\/generation9.co\/en\/wp-json\/wp\/v2\/pages"}],"about":[{"href":"https:\/\/generation9.co\/en\/wp-json\/wp\/v2\/types\/page"}],"author":[{"embeddable":true,"href":"https:\/\/generation9.co\/en\/wp-json\/wp\/v2\/users\/1"}],"replies":[{"embeddable":true,"href":"https:\/\/generation9.co\/en\/wp-json\/wp\/v2\/comments?post=339"}],"version-history":[{"count":1,"href":"https:\/\/generation9.co\/en\/wp-json\/wp\/v2\/pages\/339\/revisions"}],"predecessor-version":[{"id":340,"href":"https:\/\/generation9.co\/en\/wp-json\/wp\/v2\/pages\/339\/revisions\/340"}],"wp:attachment":[{"href":"https:\/\/generation9.co\/en\/wp-json\/wp\/v2\/media?parent=339"}],"curies":[{"name":"wp","href":"https:\/\/api.w.org\/{rel}","templated":true}]}}